{"id":341,"date":"2022-03-01T09:44:18","date_gmt":"2022-03-01T08:44:18","guid":{"rendered":"http:\/\/localhost\/peritec\/?page_id=341"},"modified":"2022-10-20T10:02:09","modified_gmt":"2022-10-20T09:02:09","slug":"delar-till-salu","status":"publish","type":"page","link":"https:\/\/test.clmogarage.com\/index.php\/sv\/delar-till-salu\/","title":{"rendered":"Delar till salu"},"content":{"rendered":"\n<div class=\"wp-block-query is-layout-flow wp-block-query-is-layout-flow\"><ul class=\"wp-block-post-template is-layout-flow wp-block-post-template-is-layout-flow\"><li class=\"wp-block-post post-1562 post type-post status-publish format-standard has-post-thumbnail hentry category-delar-till-salu entry\">\n\n<div class=\"wp-block-columns alignwide is-layout-flex wp-container-core-columns-is-layout-19cb3dc4 wp-block-columns-is-layout-flex\" style=\"padding-top:30px\">\n<div class=\"wp-block-column is-layout-flow wp-block-column-is-layout-flow\" style=\"flex-basis:25%\"><figure class=\"wp-block-post-featured-image\"><a href=\"https:\/\/test.clmogarage.com\/index.php\/sv\/2022\/10\/21\/hastighetsmatare-z1-z900\/\" target=\"_self\"  ><img loading=\"lazy\" decoding=\"async\" width=\"1568\" height=\"1176\" src=\"https:\/\/test.clmogarage.com\/wp-content\/uploads\/2022\/10\/DSCN2872-1568x1176.jpg\" class=\"attachment-post-thumbnail size-post-thumbnail wp-post-image\" alt=\"Hastighetsm\u00e4tare Z1 \/ Z900\" style=\"width:100%;height:75%;max-width:2560px;object-fit:cover;\" srcset=\"https:\/\/test.clmogarage.com\/wp-content\/uploads\/2022\/10\/DSCN2872-1568x1176.jpg 1568w, https:\/\/test.clmogarage.com\/wp-content\/uploads\/2022\/10\/DSCN2872-300x225.jpg 300w, https:\/\/test.clmogarage.com\/wp-content\/uploads\/2022\/10\/DSCN2872-1024x768.jpg 1024w, https:\/\/test.clmogarage.com\/wp-content\/uploads\/2022\/10\/DSCN2872-768x576.jpg 768w, https:\/\/test.clmogarage.com\/wp-content\/uploads\/2022\/10\/DSCN2872-1536x1152.jpg 1536w, https:\/\/test.clmogarage.com\/wp-content\/uploads\/2022\/10\/DSCN2872-2048x1536.jpg 2048w\" sizes=\"auto, (max-width: 1568px) 100vw, 1568px\" \/><\/a><\/figure><\/div>\n\n\n\n<div class=\"wp-block-column is-layout-flow wp-block-column-is-layout-flow\" style=\"flex-basis:75%\"><h2 class=\"wp-block-post-title\"><a href=\"https:\/\/test.clmogarage.com\/index.php\/sv\/2022\/10\/21\/hastighetsmatare-z1-z900\/\" target=\"_self\" >Hastighetsm\u00e4tare Z1 \/ Z900<\/a><\/h2>\n\n<div class=\"wp-block-post-excerpt\"><p class=\"wp-block-post-excerpt__excerpt\">100% renoverad originalm\u00e4tare. M\u00e4tarst\u00e4llning satt till 0000 km 4500 Sek. RESERVERAD <\/p><\/div><\/div>\n<\/div>\n\n<\/li><li class=\"wp-block-post post-1555 post type-post status-publish format-standard has-post-thumbnail hentry category-delar-till-salu entry\">\n\n<div class=\"wp-block-columns alignwide is-layout-flex wp-container-core-columns-is-layout-19cb3dc4 wp-block-columns-is-layout-flex\" style=\"padding-top:30px\">\n<div class=\"wp-block-column is-layout-flow wp-block-column-is-layout-flow\" style=\"flex-basis:25%\"><figure class=\"wp-block-post-featured-image\"><a href=\"https:\/\/test.clmogarage.com\/index.php\/sv\/2022\/10\/19\/varvraknare-till-z1-z900\/\" target=\"_self\"  ><img loading=\"lazy\" decoding=\"async\" width=\"1568\" height=\"1176\" src=\"https:\/\/test.clmogarage.com\/wp-content\/uploads\/2022\/10\/DSCN2870-3-1568x1176.jpg\" class=\"attachment-post-thumbnail size-post-thumbnail wp-post-image\" alt=\"Varvr\u00e4knare till Z1 \/ Z900\" style=\"width:100%;height:75%;max-width:2560px;object-fit:cover;\" srcset=\"https:\/\/test.clmogarage.com\/wp-content\/uploads\/2022\/10\/DSCN2870-3-1568x1176.jpg 1568w, https:\/\/test.clmogarage.com\/wp-content\/uploads\/2022\/10\/DSCN2870-3-300x225.jpg 300w, https:\/\/test.clmogarage.com\/wp-content\/uploads\/2022\/10\/DSCN2870-3-1024x768.jpg 1024w, https:\/\/test.clmogarage.com\/wp-content\/uploads\/2022\/10\/DSCN2870-3-768x576.jpg 768w, https:\/\/test.clmogarage.com\/wp-content\/uploads\/2022\/10\/DSCN2870-3-1536x1152.jpg 1536w, https:\/\/test.clmogarage.com\/wp-content\/uploads\/2022\/10\/DSCN2870-3-2048x1536.jpg 2048w\" sizes=\"auto, (max-width: 1568px) 100vw, 1568px\" \/><\/a><\/figure><\/div>\n\n\n\n<div class=\"wp-block-column is-layout-flow wp-block-column-is-layout-flow\" style=\"flex-basis:75%\"><h2 class=\"wp-block-post-title\"><a href=\"https:\/\/test.clmogarage.com\/index.php\/sv\/2022\/10\/19\/varvraknare-till-z1-z900\/\" target=\"_self\" >Varvr\u00e4knare till Z1 \/ Z900<\/a><\/h2>\n\n<div class=\"wp-block-post-excerpt\"><p class=\"wp-block-post-excerpt__excerpt\">Eftermarknadsm\u00e4tare av god kvalitet. Har endast varit provmonterad f\u00f6r en fotografering. 1200 Sek. <\/p><\/div><\/div>\n<\/div>\n\n<\/li><li class=\"wp-block-post post-371 post type-post status-publish format-standard has-post-thumbnail hentry category-delar-till-salu entry\">\n\n<div class=\"wp-block-columns alignwide is-layout-flex wp-container-core-columns-is-layout-19cb3dc4 wp-block-columns-is-layout-flex\" style=\"padding-top:30px\">\n<div class=\"wp-block-column is-layout-flow wp-block-column-is-layout-flow\" style=\"flex-basis:25%\"><figure class=\"wp-block-post-featured-image\"><a href=\"https:\/\/test.clmogarage.com\/index.php\/sv\/2022\/03\/01\/wasaki-z1-z900-skumgummistomme-till-dyna-ny-1100-sek\/\" target=\"_self\"  ><img loading=\"lazy\" decoding=\"async\" width=\"1568\" height=\"1176\" src=\"https:\/\/test.clmogarage.com\/wp-content\/uploads\/2022\/03\/Bild-S1-1568x1176.jpg\" class=\"attachment-post-thumbnail size-post-thumbnail wp-post-image\" alt=\"Kawasaki Z1 \/Z900 skumgummistomme till dyna.\" style=\"width:100%;height:75%;max-width:2560px;object-fit:cover;\" srcset=\"https:\/\/test.clmogarage.com\/wp-content\/uploads\/2022\/03\/Bild-S1-1568x1176.jpg 1568w, https:\/\/test.clmogarage.com\/wp-content\/uploads\/2022\/03\/Bild-S1-300x225.jpg 300w, https:\/\/test.clmogarage.com\/wp-content\/uploads\/2022\/03\/Bild-S1-1024x768.jpg 1024w, https:\/\/test.clmogarage.com\/wp-content\/uploads\/2022\/03\/Bild-S1-768x576.jpg 768w, https:\/\/test.clmogarage.com\/wp-content\/uploads\/2022\/03\/Bild-S1-1536x1152.jpg 1536w, https:\/\/test.clmogarage.com\/wp-content\/uploads\/2022\/03\/Bild-S1-2048x1536.jpg 2048w\" sizes=\"auto, (max-width: 1568px) 100vw, 1568px\" \/><\/a><\/figure><\/div>\n\n\n\n<div class=\"wp-block-column is-layout-flow wp-block-column-is-layout-flow\" style=\"flex-basis:75%\"><h2 class=\"wp-block-post-title\"><a href=\"https:\/\/test.clmogarage.com\/index.php\/sv\/2022\/03\/01\/wasaki-z1-z900-skumgummistomme-till-dyna-ny-1100-sek\/\" target=\"_self\" >Kawasaki Z1 \/Z900 skumgummistomme till dyna.<\/a><\/h2>\n\n<div class=\"wp-block-post-excerpt\"><p class=\"wp-block-post-excerpt__excerpt\">Ny. 1300 kr. <\/p><\/div><\/div>\n<\/div>\n\n<\/li><li class=\"wp-block-post post-137 post type-post status-publish format-standard has-post-thumbnail hentry category-delar-till-salu entry\">\n\n<div class=\"wp-block-columns alignwide is-layout-flex wp-container-core-columns-is-layout-19cb3dc4 wp-block-columns-is-layout-flex\" style=\"padding-top:30px\">\n<div class=\"wp-block-column is-layout-flow wp-block-column-is-layout-flow\" style=\"flex-basis:25%\"><figure class=\"wp-block-post-featured-image\"><a href=\"https:\/\/test.clmogarage.com\/index.php\/sv\/2022\/01\/18\/del-01\/\" target=\"_self\"  ><img loading=\"lazy\" decoding=\"async\" width=\"1568\" height=\"1176\" src=\"https:\/\/test.clmogarage.com\/wp-content\/uploads\/2022\/01\/Bild-F1-1568x1176.jpg\" class=\"attachment-post-thumbnail size-post-thumbnail wp-post-image\" alt=\"Komplett f\u00f6rgasarbrygga Kawasaki GPz550 -82\" style=\"width:100%;height:75%;max-width:2560px;object-fit:cover;\" srcset=\"https:\/\/test.clmogarage.com\/wp-content\/uploads\/2022\/01\/Bild-F1-1568x1176.jpg 1568w, https:\/\/test.clmogarage.com\/wp-content\/uploads\/2022\/01\/Bild-F1-300x225.jpg 300w, https:\/\/test.clmogarage.com\/wp-content\/uploads\/2022\/01\/Bild-F1-1024x768.jpg 1024w, https:\/\/test.clmogarage.com\/wp-content\/uploads\/2022\/01\/Bild-F1-768x576.jpg 768w, https:\/\/test.clmogarage.com\/wp-content\/uploads\/2022\/01\/Bild-F1-1536x1152.jpg 1536w, https:\/\/test.clmogarage.com\/wp-content\/uploads\/2022\/01\/Bild-F1-2048x1536.jpg 2048w\" sizes=\"auto, (max-width: 1568px) 100vw, 1568px\" \/><\/a><\/figure><\/div>\n\n\n\n<div class=\"wp-block-column is-layout-flow wp-block-column-is-layout-flow\" style=\"flex-basis:75%\"><h2 class=\"wp-block-post-title\"><a href=\"https:\/\/test.clmogarage.com\/index.php\/sv\/2022\/01\/18\/del-01\/\" target=\"_self\" >Komplett f\u00f6rgasarbrygga Kawasaki GPz550 -82<\/a><\/h2>\n\n<div class=\"wp-block-post-excerpt\"><p class=\"wp-block-post-excerpt__excerpt\">Ultraljudtv\u00e4ttade och i gott skick. Grundjusterade men fordrar s\u00e5klart synkning efter uppstart. 2800 Sek. <\/p><\/div><\/div>\n<\/div>\n\n<\/li><\/ul><\/div>\n","protected":false},"excerpt":{"rendered":"","protected":false},"author":2,"featured_media":0,"parent":0,"menu_order":0,"comment_status":"closed","ping_status":"closed","template":"","meta":{"footnotes":""},"class_list":["post-341","page","type-page","status-publish","hentry","entry"],"_links":{"self":[{"href":"https:\/\/test.clmogarage.com\/index.php\/wp-json\/wp\/v2\/pages\/341","targetHints":{"allow":["GET"]}}],"collection":[{"href":"https:\/\/test.clmogarage.com\/index.php\/wp-json\/wp\/v2\/pages"}],"about":[{"href":"https:\/\/test.clmogarage.com\/index.php\/wp-json\/wp\/v2\/types\/page"}],"author":[{"embeddable":true,"href":"https:\/\/test.clmogarage.com\/index.php\/wp-json\/wp\/v2\/users\/2"}],"replies":[{"embeddable":true,"href":"https:\/\/test.clmogarage.com\/index.php\/wp-json\/wp\/v2\/comments?post=341"}],"version-history":[{"count":15,"href":"https:\/\/test.clmogarage.com\/index.php\/wp-json\/wp\/v2\/pages\/341\/revisions"}],"predecessor-version":[{"id":1560,"href":"https:\/\/test.clmogarage.com\/index.php\/wp-json\/wp\/v2\/pages\/341\/revisions\/1560"}],"wp:attachment":[{"href":"https:\/\/test.clmogarage.com\/index.php\/wp-json\/wp\/v2\/media?parent=341"}],"curies":[{"name":"wp","href":"https:\/\/api.w.org\/{rel}","templated":true}]}}