{"id":316,"date":"2022-03-01T09:18:59","date_gmt":"2022-03-01T08:18:59","guid":{"rendered":"http:\/\/localhost\/peritec\/?page_id=316"},"modified":"2022-07-28T12:31:52","modified_gmt":"2022-07-28T11:31:52","slug":"motorcyklar-till-salu","status":"publish","type":"page","link":"https:\/\/test.clmogarage.com\/index.php\/sv\/motorcyklar-till-salu\/","title":{"rendered":"Motorcyklar till salu"},"content":{"rendered":"\n<p>De objekt som presenteras h\u00e4r kan levereras omg\u00e5ende. Alla MC som inte \u00e4r besiktningsbefriade \u00e4r besiktigade och klara att anv\u00e4ndas. Pris som anges \u00e4r ett utg\u00e5ngspris men vi \u00e4r alltid \u00f6ppna f\u00f6r seri\u00f6sa bud.  R\u00e4tt ny \u00e4gare \u00e4r mycket viktigt f\u00f6r oss och d\u00e4rf\u00f6r f\u00f6rbeh\u00e5ller vi oss r\u00e4tten att neka k\u00f6pare som inte har r\u00e4tt profil. Export inom EU \u00e4r numera v\u00e4ldigt smidigt. Vi har \u00e4ven exporterat objekt till bl.a. Norge och UK men d\u00e5 \u00e4r proceduren n\u00e5got mera komplicerad men inte om\u00f6jlig att hantera.<\/p>\n\n\n\n<div class=\"wp-block-query is-layout-flow wp-block-query-is-layout-flow\"><ul class=\"wp-block-post-template is-layout-flow wp-block-post-template-is-layout-flow\"><li class=\"wp-block-post post-1878 post type-post status-publish format-standard has-post-thumbnail hentry category-motorcyklar-till-salu entry\">\n\n<div class=\"wp-block-columns is-layout-flex wp-container-core-columns-is-layout-19cb3dc4 wp-block-columns-is-layout-flex\" style=\"padding-top:30px\">\n<div class=\"wp-block-column is-vertically-aligned-center is-layout-flow wp-block-column-is-layout-flow\" style=\"flex-basis:25%\"><figure class=\"wp-block-post-featured-image\"><a href=\"https:\/\/test.clmogarage.com\/index.php\/sv\/2024\/10\/17\/kawasaki-z1b-1975-3\/\" target=\"_self\"  ><img loading=\"lazy\" decoding=\"async\" width=\"1568\" height=\"1176\" src=\"https:\/\/test.clmogarage.com\/wp-content\/uploads\/2024\/10\/DSCN3377-1568x1176.jpg\" class=\"attachment-post-thumbnail size-post-thumbnail wp-post-image\" alt=\"Kawasaki Z1B 1975\" style=\"width:100%;height:75%;max-width:2560px;object-fit:cover;\" srcset=\"https:\/\/test.clmogarage.com\/wp-content\/uploads\/2024\/10\/DSCN3377-1568x1176.jpg 1568w, https:\/\/test.clmogarage.com\/wp-content\/uploads\/2024\/10\/DSCN3377-300x225.jpg 300w, https:\/\/test.clmogarage.com\/wp-content\/uploads\/2024\/10\/DSCN3377-1024x768.jpg 1024w, https:\/\/test.clmogarage.com\/wp-content\/uploads\/2024\/10\/DSCN3377-768x576.jpg 768w, https:\/\/test.clmogarage.com\/wp-content\/uploads\/2024\/10\/DSCN3377-1536x1152.jpg 1536w, https:\/\/test.clmogarage.com\/wp-content\/uploads\/2024\/10\/DSCN3377-2048x1536.jpg 2048w\" sizes=\"auto, (max-width: 1568px) 100vw, 1568px\" \/><\/a><\/figure><\/div>\n\n\n\n<div class=\"wp-block-column is-vertically-aligned-top is-layout-flow wp-block-column-is-layout-flow\" style=\"flex-basis:75%\"><h2 class=\"wp-block-post-title has-large-font-size\"><a href=\"https:\/\/test.clmogarage.com\/index.php\/sv\/2024\/10\/17\/kawasaki-z1b-1975-3\/\" target=\"_self\" >Kawasaki Z1B 1975<\/a><\/h2>\n\n<div class=\"wp-block-post-excerpt\"><p class=\"wp-block-post-excerpt__excerpt\">En Z1:a ut\u00f6ver det vanliga. Den genomgick en kompromissl\u00f6s renovering under 2021\/2022. Med mycket f\u00e5 undantag har bara NOS och felfria OEM delar anv\u00e4nts. Ramen lackad med r\u00e4tt glans, Kl\u00e4dsel p\u00e5 dynan \u00e4r original, Avgassystemet \u00e4r original etc. Givetvis \u00e4r \u00e4ven m\u00e4tarna helrenoverade liksom hela motorn. Den \u00e4r endast provk\u00f6rd n\u00e5gra f\u00e5 kilometer efter renoveringen.&hellip;&hellip; <\/p><\/div><\/div>\n<\/div>\n\n<\/li><li class=\"wp-block-post post-1792 post type-post status-publish format-standard has-post-thumbnail hentry category-motorcyklar-till-salu entry\">\n\n<div class=\"wp-block-columns is-layout-flex wp-container-core-columns-is-layout-19cb3dc4 wp-block-columns-is-layout-flex\" style=\"padding-top:30px\">\n<div class=\"wp-block-column is-vertically-aligned-center is-layout-flow wp-block-column-is-layout-flow\" style=\"flex-basis:25%\"><figure class=\"wp-block-post-featured-image\"><a href=\"https:\/\/test.clmogarage.com\/index.php\/sv\/2023\/10\/29\/bmw-r-1100-s-boxer-cup-2001\/\" target=\"_self\"  ><img loading=\"lazy\" decoding=\"async\" width=\"1568\" height=\"1176\" src=\"https:\/\/test.clmogarage.com\/wp-content\/uploads\/2023\/10\/DSCN2797-1-1568x1176.jpg\" class=\"attachment-post-thumbnail size-post-thumbnail wp-post-image\" alt=\"BMW R 1100 S  Boxer Cup  2001\" style=\"width:100%;height:75%;max-width:2560px;object-fit:cover;\" srcset=\"https:\/\/test.clmogarage.com\/wp-content\/uploads\/2023\/10\/DSCN2797-1-1568x1176.jpg 1568w, https:\/\/test.clmogarage.com\/wp-content\/uploads\/2023\/10\/DSCN2797-1-300x225.jpg 300w, https:\/\/test.clmogarage.com\/wp-content\/uploads\/2023\/10\/DSCN2797-1-1024x768.jpg 1024w, https:\/\/test.clmogarage.com\/wp-content\/uploads\/2023\/10\/DSCN2797-1-768x576.jpg 768w, https:\/\/test.clmogarage.com\/wp-content\/uploads\/2023\/10\/DSCN2797-1-1536x1152.jpg 1536w, https:\/\/test.clmogarage.com\/wp-content\/uploads\/2023\/10\/DSCN2797-1-2048x1536.jpg 2048w\" sizes=\"auto, (max-width: 1568px) 100vw, 1568px\" \/><\/a><\/figure><\/div>\n\n\n\n<div class=\"wp-block-column is-vertically-aligned-top is-layout-flow wp-block-column-is-layout-flow\" style=\"flex-basis:75%\"><h2 class=\"wp-block-post-title has-large-font-size\"><a href=\"https:\/\/test.clmogarage.com\/index.php\/sv\/2023\/10\/29\/bmw-r-1100-s-boxer-cup-2001\/\" target=\"_self\" >BMW R 1100 S  Boxer Cup  2001<\/a><\/h2>\n\n<div class=\"wp-block-post-excerpt\"><p class=\"wp-block-post-excerpt__excerpt\">En mycket speciell Boxer Cup replika med prestanda som inte f\u00f6rknippas med en klassisk &#8220;Bumse&#8221;. En kompromissl\u00f6s sleeper med bara de b\u00e4sta bitarna. Direkt n\u00e4r den var ny l\u00e4t f\u00f6rsta \u00e4garen B&amp;B Power bygga\/modifiera motorn med specialcylindrar och h\u00f6gkompressionskolvar. Vassare kamaxlar, l\u00e4ttade vippor, st\u00f6rre spridare, st\u00f6rre spj\u00e4llhus, portning och st\u00f6rre ventiler. Dessutom mappad med chip&hellip;&hellip; <\/p><\/div><\/div>\n<\/div>\n\n<\/li><li class=\"wp-block-post post-1252 post type-post status-publish format-standard has-post-thumbnail hentry category-motorcyklar-till-salu entry\">\n\n<div class=\"wp-block-columns is-layout-flex wp-container-core-columns-is-layout-19cb3dc4 wp-block-columns-is-layout-flex\" style=\"padding-top:30px\">\n<div class=\"wp-block-column is-vertically-aligned-center is-layout-flow wp-block-column-is-layout-flow\" style=\"flex-basis:25%\"><figure class=\"wp-block-post-featured-image\"><a href=\"https:\/\/test.clmogarage.com\/index.php\/sv\/2022\/10\/02\/bimota-yb-11-1997-3\/\" target=\"_self\"  ><img loading=\"lazy\" decoding=\"async\" width=\"1568\" height=\"1176\" src=\"https:\/\/test.clmogarage.com\/wp-content\/uploads\/2022\/10\/DSCN2693-1568x1176.jpg\" class=\"attachment-post-thumbnail size-post-thumbnail wp-post-image\" alt=\"BIMOTA  YB 11  1997\" style=\"width:100%;height:75%;max-width:2560px;object-fit:cover;\" srcset=\"https:\/\/test.clmogarage.com\/wp-content\/uploads\/2022\/10\/DSCN2693-1568x1176.jpg 1568w, https:\/\/test.clmogarage.com\/wp-content\/uploads\/2022\/10\/DSCN2693-300x225.jpg 300w, https:\/\/test.clmogarage.com\/wp-content\/uploads\/2022\/10\/DSCN2693-1024x768.jpg 1024w, https:\/\/test.clmogarage.com\/wp-content\/uploads\/2022\/10\/DSCN2693-768x576.jpg 768w, https:\/\/test.clmogarage.com\/wp-content\/uploads\/2022\/10\/DSCN2693-1536x1152.jpg 1536w, https:\/\/test.clmogarage.com\/wp-content\/uploads\/2022\/10\/DSCN2693-2048x1536.jpg 2048w\" sizes=\"auto, (max-width: 1568px) 100vw, 1568px\" \/><\/a><\/figure><\/div>\n\n\n\n<div class=\"wp-block-column is-vertically-aligned-top is-layout-flow wp-block-column-is-layout-flow\" style=\"flex-basis:75%\"><h2 class=\"wp-block-post-title has-large-font-size\"><a href=\"https:\/\/test.clmogarage.com\/index.php\/sv\/2022\/10\/02\/bimota-yb-11-1997-3\/\" target=\"_self\" >BIMOTA  YB 11  1997<\/a><\/h2>\n\n<div class=\"wp-block-post-excerpt\"><p class=\"wp-block-post-excerpt__excerpt\">Ett fantastiskt italienskt konstverk i ett otroligt fint och or\u00f6rt originalskick. Bara en aning \u00f6ver 2000 mil och det finns inte minsta lilla skada p\u00e5 den. En av ytterst f\u00e5r som importerades till Sverige och den f\u00f6rsta \u00e4garen k\u00f6pte m\u00e4ngder av b\u00e5de reservdelar och andra sp\u00e4nnande tillbeh\u00f6r s\u00e5som bl.a. ett Bimota armbandsur, banderoller, litteratur och&hellip;&hellip; <\/p><\/div><\/div>\n<\/div>\n\n<\/li><li class=\"wp-block-post post-800 post type-post status-publish format-standard has-post-thumbnail hentry category-motorcyklar-till-salu entry\">\n\n<div class=\"wp-block-columns is-layout-flex wp-container-core-columns-is-layout-19cb3dc4 wp-block-columns-is-layout-flex\" style=\"padding-top:30px\">\n<div class=\"wp-block-column is-vertically-aligned-center is-layout-flow wp-block-column-is-layout-flow\" style=\"flex-basis:25%\"><figure class=\"wp-block-post-featured-image\"><a href=\"https:\/\/test.clmogarage.com\/index.php\/sv\/2022\/03\/19\/kawasaki-kz-900-1976\/\" target=\"_self\"  ><img loading=\"lazy\" decoding=\"async\" width=\"1568\" height=\"1176\" src=\"https:\/\/test.clmogarage.com\/wp-content\/uploads\/2022\/03\/DSCN2071-1568x1176.jpg\" class=\"attachment-post-thumbnail size-post-thumbnail wp-post-image\" alt=\"Kawasaki KZ 900  1976\" style=\"width:100%;height:75%;max-width:2560px;object-fit:cover;\" srcset=\"https:\/\/test.clmogarage.com\/wp-content\/uploads\/2022\/03\/DSCN2071-1568x1176.jpg 1568w, https:\/\/test.clmogarage.com\/wp-content\/uploads\/2022\/03\/DSCN2071-300x225.jpg 300w, https:\/\/test.clmogarage.com\/wp-content\/uploads\/2022\/03\/DSCN2071-1024x768.jpg 1024w, https:\/\/test.clmogarage.com\/wp-content\/uploads\/2022\/03\/DSCN2071-768x576.jpg 768w, https:\/\/test.clmogarage.com\/wp-content\/uploads\/2022\/03\/DSCN2071-1536x1152.jpg 1536w, https:\/\/test.clmogarage.com\/wp-content\/uploads\/2022\/03\/DSCN2071-2048x1536.jpg 2048w\" sizes=\"auto, (max-width: 1568px) 100vw, 1568px\" \/><\/a><\/figure><\/div>\n\n\n\n<div class=\"wp-block-column is-vertically-aligned-top is-layout-flow wp-block-column-is-layout-flow\" style=\"flex-basis:75%\"><h2 class=\"wp-block-post-title has-large-font-size\"><a href=\"https:\/\/test.clmogarage.com\/index.php\/sv\/2022\/03\/19\/kawasaki-kz-900-1976\/\" target=\"_self\" >Kawasaki KZ 900  1976<\/a><\/h2>\n\n<div class=\"wp-block-post-excerpt\"><p class=\"wp-block-post-excerpt__excerpt\">En KZ 900 fr\u00e5n 1976 som \u00e4r en amerikamodell. Den importerades till Sverige som flyttgods f\u00f6r mer \u00e4n 20 \u00e5r sedan. I ett fantastiskt fint skick och den \u00e4r till st\u00f6rsta delen helt orenoverad. Lacken \u00e4r ett av undantagen men \u00e4r professionellt utf\u00f6rt och exakt som originalet (f\u00f6r ca. 20 \u00e5r sedan). Det andra enda&hellip;&hellip; <\/p><\/div><\/div>\n<\/div>\n\n<\/li><li class=\"wp-block-post post-758 post type-post status-publish format-standard has-post-thumbnail hentry category-motorcyklar-till-salu entry\">\n\n<div class=\"wp-block-columns is-layout-flex wp-container-core-columns-is-layout-19cb3dc4 wp-block-columns-is-layout-flex\" style=\"padding-top:30px\">\n<div class=\"wp-block-column is-vertically-aligned-center is-layout-flow wp-block-column-is-layout-flow\" style=\"flex-basis:25%\"><figure class=\"wp-block-post-featured-image\"><a href=\"https:\/\/test.clmogarage.com\/index.php\/sv\/2022\/03\/19\/suzuki-tl-1000-r-1998\/\" target=\"_self\"  ><img loading=\"lazy\" decoding=\"async\" width=\"1568\" height=\"1176\" src=\"https:\/\/test.clmogarage.com\/wp-content\/uploads\/2022\/03\/DSCN2551-1568x1176.jpg\" class=\"attachment-post-thumbnail size-post-thumbnail wp-post-image\" alt=\"Suzuki TL 1000 R 1998\" style=\"width:100%;height:75%;max-width:2560px;object-fit:cover;\" srcset=\"https:\/\/test.clmogarage.com\/wp-content\/uploads\/2022\/03\/DSCN2551-1568x1176.jpg 1568w, https:\/\/test.clmogarage.com\/wp-content\/uploads\/2022\/03\/DSCN2551-300x225.jpg 300w, https:\/\/test.clmogarage.com\/wp-content\/uploads\/2022\/03\/DSCN2551-1024x768.jpg 1024w, https:\/\/test.clmogarage.com\/wp-content\/uploads\/2022\/03\/DSCN2551-768x576.jpg 768w, https:\/\/test.clmogarage.com\/wp-content\/uploads\/2022\/03\/DSCN2551-1536x1152.jpg 1536w, https:\/\/test.clmogarage.com\/wp-content\/uploads\/2022\/03\/DSCN2551-2048x1536.jpg 2048w\" sizes=\"auto, (max-width: 1568px) 100vw, 1568px\" \/><\/a><\/figure><\/div>\n\n\n\n<div class=\"wp-block-column is-vertically-aligned-top is-layout-flow wp-block-column-is-layout-flow\" style=\"flex-basis:75%\"><h2 class=\"wp-block-post-title has-large-font-size\"><a href=\"https:\/\/test.clmogarage.com\/index.php\/sv\/2022\/03\/19\/suzuki-tl-1000-r-1998\/\" target=\"_self\" >Suzuki TL 1000 R 1998<\/a><\/h2>\n\n<div class=\"wp-block-post-excerpt\"><p class=\"wp-block-post-excerpt__excerpt\">Suzuki TL 1000 R 1998. En helt or\u00f6rd \u201dsurvivor\u201d i ett fantastiskt originalskick och endast 2400 mil. Originallackad kuts och dyna finns. Nytt drivpaket och d\u00e4ck. All originaldokumentation och nycklar finns. Ing\u00e5r \u00e4ven Laser slip on ljudd\u00e4mpare som endast varit provmonterade under en kortare tid. (Ger ett h\u00e4rligt ljud som kanske inte l\u00e4mpar sig f\u00f6r&hellip;&hellip; <\/p><\/div><\/div>\n<\/div>\n\n<\/li><li class=\"wp-block-post post-749 post type-post status-publish format-standard has-post-thumbnail hentry category-motorcyklar-till-salu entry\">\n\n<div class=\"wp-block-columns is-layout-flex wp-container-core-columns-is-layout-19cb3dc4 wp-block-columns-is-layout-flex\" style=\"padding-top:30px\">\n<div class=\"wp-block-column is-vertically-aligned-center is-layout-flow wp-block-column-is-layout-flow\" style=\"flex-basis:25%\"><figure class=\"wp-block-post-featured-image\"><a href=\"https:\/\/test.clmogarage.com\/index.php\/sv\/2022\/03\/19\/kawasaki-zx-600-r-1995\/\" target=\"_self\"  ><img loading=\"lazy\" decoding=\"async\" width=\"1568\" height=\"1176\" src=\"https:\/\/test.clmogarage.com\/wp-content\/uploads\/2022\/03\/DSCN2529-1568x1176.jpg\" class=\"attachment-post-thumbnail size-post-thumbnail wp-post-image\" alt=\"Kawasaki ZX 600 R 1995\" style=\"width:100%;height:75%;max-width:2560px;object-fit:cover;\" srcset=\"https:\/\/test.clmogarage.com\/wp-content\/uploads\/2022\/03\/DSCN2529-1568x1176.jpg 1568w, https:\/\/test.clmogarage.com\/wp-content\/uploads\/2022\/03\/DSCN2529-300x225.jpg 300w, https:\/\/test.clmogarage.com\/wp-content\/uploads\/2022\/03\/DSCN2529-1024x768.jpg 1024w, https:\/\/test.clmogarage.com\/wp-content\/uploads\/2022\/03\/DSCN2529-768x576.jpg 768w, https:\/\/test.clmogarage.com\/wp-content\/uploads\/2022\/03\/DSCN2529-1536x1152.jpg 1536w, https:\/\/test.clmogarage.com\/wp-content\/uploads\/2022\/03\/DSCN2529-2048x1536.jpg 2048w\" sizes=\"auto, (max-width: 1568px) 100vw, 1568px\" \/><\/a><\/figure><\/div>\n\n\n\n<div class=\"wp-block-column is-vertically-aligned-top is-layout-flow wp-block-column-is-layout-flow\" style=\"flex-basis:75%\"><h2 class=\"wp-block-post-title has-large-font-size\"><a href=\"https:\/\/test.clmogarage.com\/index.php\/sv\/2022\/03\/19\/kawasaki-zx-600-r-1995\/\" target=\"_self\" >Kawasaki ZX 600 R 1995<\/a><\/h2>\n\n<div class=\"wp-block-post-excerpt\"><p class=\"wp-block-post-excerpt__excerpt\">En mycket fin ZX 600 R fr\u00e5n 1995. Endast tv\u00e5 tidigare \u00e4gare och den har bara g\u00e5tt knappt 2700 mil. Nya d\u00e4ck fram- och bak. Fullst\u00e4ndigt genomg\u00e5ngen och servad med ultraljudtv\u00e4ttade och synkroniserade f\u00f6rgasare, justerade ventilspel, alla v\u00e4tskor bytta, nytt batteri och drivpaketet \u00e4r i mycket fint skick. Nyligen besiktigad utan anm\u00e4rkning. En smidig och&hellip;&hellip; <\/p><\/div><\/div>\n<\/div>\n\n<\/li><\/ul><\/div>\n\n\n\n<p><\/p>\n","protected":false},"excerpt":{"rendered":"<p>De objekt som presenteras h\u00e4r kan levereras omg\u00e5ende. Alla MC som inte \u00e4r besiktningsbefriade \u00e4r besiktigade och klara att anv\u00e4ndas. Pris som anges \u00e4r ett utg\u00e5ngspris men vi \u00e4r alltid \u00f6ppna f\u00f6r seri\u00f6sa bud. R\u00e4tt ny \u00e4gare \u00e4r mycket viktigt f\u00f6r oss och d\u00e4rf\u00f6r f\u00f6rbeh\u00e5ller vi oss r\u00e4tten att neka k\u00f6pare som inte har r\u00e4tt&hellip; <a class=\"more-link\" href=\"https:\/\/test.clmogarage.com\/index.php\/sv\/motorcyklar-till-salu\/\">Continue reading <span class=\"screen-reader-text\">Motorcyklar till salu<\/span><\/a><\/p>\n","protected":false},"author":2,"featured_media":0,"parent":0,"menu_order":0,"comment_status":"closed","ping_status":"closed","template":"","meta":{"footnotes":""},"class_list":["post-316","page","type-page","status-publish","hentry","entry"],"_links":{"self":[{"href":"https:\/\/test.clmogarage.com\/index.php\/wp-json\/wp\/v2\/pages\/316","targetHints":{"allow":["GET"]}}],"collection":[{"href":"https:\/\/test.clmogarage.com\/index.php\/wp-json\/wp\/v2\/pages"}],"about":[{"href":"https:\/\/test.clmogarage.com\/index.php\/wp-json\/wp\/v2\/types\/page"}],"author":[{"embeddable":true,"href":"https:\/\/test.clmogarage.com\/index.php\/wp-json\/wp\/v2\/users\/2"}],"replies":[{"embeddable":true,"href":"https:\/\/test.clmogarage.com\/index.php\/wp-json\/wp\/v2\/comments?post=316"}],"version-history":[{"count":15,"href":"https:\/\/test.clmogarage.com\/index.php\/wp-json\/wp\/v2\/pages\/316\/revisions"}],"predecessor-version":[{"id":1493,"href":"https:\/\/test.clmogarage.com\/index.php\/wp-json\/wp\/v2\/pages\/316\/revisions\/1493"}],"wp:attachment":[{"href":"https:\/\/test.clmogarage.com\/index.php\/wp-json\/wp\/v2\/media?parent=316"}],"curies":[{"name":"wp","href":"https:\/\/api.w.org\/{rel}","templated":true}]}}