{"id":116,"date":"2022-01-18T16:07:40","date_gmt":"2022-01-18T16:07:40","guid":{"rendered":"http:\/\/localhost\/peritec\/?page_id=116"},"modified":"2022-03-01T14:25:31","modified_gmt":"2022-03-01T13:25:31","slug":"kontakt","status":"publish","type":"page","link":"https:\/\/test.clmogarage.com\/index.php\/sv\/kontakt\/","title":{"rendered":"Kontakt"},"content":{"rendered":"\n<p>Skicka ett e-mail till <a href=\"mailto:info@clmogarage.com\">info@clmogarage.com<\/a> om du har fr\u00e5gor kring v\u00e5ra tj\u00e4nster, motorcyklar till salu, delar till salu eller om du bara har fr\u00e5gor som p\u00e5 n\u00e5got s\u00e4tt r\u00f6r v\u00e5r verksamhet. Du f\u00e5r normalt ett snabbt svar.<\/p>\n\n\n<div class=\"aligncenter wp-block-site-logo\"><a href=\"https:\/\/test.clmogarage.com\/\" class=\"custom-logo-link\" rel=\"home\"><img loading=\"lazy\" decoding=\"async\" width=\"360\" height=\"202\" src=\"https:\/\/test.clmogarage.com\/wp-content\/uploads\/2022\/01\/cmg_logo_green-01_640x360.png\" class=\"custom-logo\" alt=\"Classic Motorcycle Garage Test\" srcset=\"https:\/\/test.clmogarage.com\/wp-content\/uploads\/2022\/01\/cmg_logo_green-01_640x360.png 640w, https:\/\/test.clmogarage.com\/wp-content\/uploads\/2022\/01\/cmg_logo_green-01_640x360-300x169.png 300w\" sizes=\"auto, (max-width: 360px) 100vw, 360px\" \/><\/a><\/div>","protected":false},"excerpt":{"rendered":"<p>Skicka ett e-mail till info@clmogarage.com om du har fr\u00e5gor kring v\u00e5ra tj\u00e4nster, motorcyklar till salu, delar till salu eller om du bara har fr\u00e5gor som p\u00e5 n\u00e5got s\u00e4tt r\u00f6r v\u00e5r verksamhet. Du f\u00e5r normalt ett snabbt svar.<\/p>\n","protected":false},"author":2,"featured_media":0,"parent":0,"menu_order":0,"comment_status":"closed","ping_status":"closed","template":"","meta":{"footnotes":""},"class_list":["post-116","page","type-page","status-publish","hentry","entry"],"_links":{"self":[{"href":"https:\/\/test.clmogarage.com\/index.php\/wp-json\/wp\/v2\/pages\/116","targetHints":{"allow":["GET"]}}],"collection":[{"href":"https:\/\/test.clmogarage.com\/index.php\/wp-json\/wp\/v2\/pages"}],"about":[{"href":"https:\/\/test.clmogarage.com\/index.php\/wp-json\/wp\/v2\/types\/page"}],"author":[{"embeddable":true,"href":"https:\/\/test.clmogarage.com\/index.php\/wp-json\/wp\/v2\/users\/2"}],"replies":[{"embeddable":true,"href":"https:\/\/test.clmogarage.com\/index.php\/wp-json\/wp\/v2\/comments?post=116"}],"version-history":[{"count":4,"href":"https:\/\/test.clmogarage.com\/index.php\/wp-json\/wp\/v2\/pages\/116\/revisions"}],"predecessor-version":[{"id":527,"href":"https:\/\/test.clmogarage.com\/index.php\/wp-json\/wp\/v2\/pages\/116\/revisions\/527"}],"wp:attachment":[{"href":"https:\/\/test.clmogarage.com\/index.php\/wp-json\/wp\/v2\/media?parent=116"}],"curies":[{"name":"wp","href":"https:\/\/api.w.org\/{rel}","templated":true}]}}